{"id":261,"date":"2024-08-12T01:43:49","date_gmt":"2024-08-12T01:43:49","guid":{"rendered":"https:\/\/www.privilegio.us\/?page_id=261"},"modified":"2024-09-02T21:14:10","modified_gmt":"2024-09-02T21:14:10","slug":"productos","status":"publish","type":"page","link":"https:\/\/www.privilegio.us\/index.php\/productos\/","title":{"rendered":"Productos"},"content":{"rendered":"\t\t<div data-elementor-type=\"wp-page\" data-elementor-id=\"261\" class=\"elementor elementor-261\" data-elementor-post-type=\"page\">\n\t\t\t\t\t\t<section class=\"elementor-section elementor-top-section elementor-element elementor-element-77ed7ea2 elementor-section-height-min-height elementor-section-content-middle elementor-section-boxed elementor-section-height-default elementor-section-items-middle\" data-id=\"77ed7ea2\" data-element_type=\"section\" data-settings=\"{&quot;background_background&quot;:&quot;classic&quot;}\">\n\t\t\t\t\t\t\t<div class=\"elementor-background-overlay\"><\/div>\n\t\t\t\t\t\t\t<div class=\"elementor-container elementor-column-gap-no\">\n\t\t\t\t\t<div class=\"elementor-column elementor-col-100 elementor-top-column elementor-element elementor-element-5751665f\" data-id=\"5751665f\" data-element_type=\"column\" data-settings=\"{&quot;background_background&quot;:&quot;classic&quot;}\">\n\t\t\t<div class=\"elementor-widget-wrap elementor-element-populated\">\n\t\t\t\t\t\t<div class=\"elementor-element elementor-element-648f24f elementor-widget elementor-widget-heading\" data-id=\"648f24f\" data-element_type=\"widget\" data-widget_type=\"heading.default\">\n\t\t\t\t<div class=\"elementor-widget-container\">\n\t\t\t<style>\/*! elementor - v3.23.0 - 25-07-2024 *\/\n.elementor-heading-title{padding:0;margin:0;line-height:1}.elementor-widget-heading .elementor-heading-title[class*=elementor-size-]>a{color:inherit;font-size:inherit;line-height:inherit}.elementor-widget-heading .elementor-heading-title.elementor-size-small{font-size:15px}.elementor-widget-heading .elementor-heading-title.elementor-size-medium{font-size:19px}.elementor-widget-heading .elementor-heading-title.elementor-size-large{font-size:29px}.elementor-widget-heading .elementor-heading-title.elementor-size-xl{font-size:39px}.elementor-widget-heading .elementor-heading-title.elementor-size-xxl{font-size:59px}<\/style><h1 class=\"elementor-heading-title elementor-size-default\">Productos<\/h1>\t\t<\/div>\n\t\t\t\t<\/div>\n\t\t\t\t\t<\/div>\n\t\t<\/div>\n\t\t\t\t\t<\/div>\n\t\t<\/section>\n\t\t\t\t<section class=\"elementor-section elementor-top-section elementor-element elementor-element-2b06149 elementor-section-boxed elementor-section-height-default elementor-section-height-default\" data-id=\"2b06149\" data-element_type=\"section\">\n\t\t\t\t\t\t\t<div class=\"elementor-background-overlay\"><\/div>\n\t\t\t\t\t\t\t<div class=\"elementor-container elementor-column-gap-no\">\n\t\t\t\t\t<div class=\"elementor-column elementor-col-50 elementor-top-column elementor-element elementor-element-1f7e17a9\" data-id=\"1f7e17a9\" data-element_type=\"column\">\n\t\t\t<div class=\"elementor-widget-wrap elementor-element-populated\">\n\t\t\t\t\t\t<div class=\"elementor-element elementor-element-f9ab1b9 elementor-widget elementor-widget-image\" data-id=\"f9ab1b9\" data-element_type=\"widget\" data-widget_type=\"image.default\">\n\t\t\t\t<div class=\"elementor-widget-container\">\n\t\t\t\t\t\t\t\t\t\t\t\t\t<img fetchpriority=\"high\" decoding=\"async\" width=\"540\" height=\"540\" src=\"https:\/\/www.privilegio.us\/wp-content\/uploads\/2024\/08\/agency-img9.jpg\" class=\"attachment-full size-full wp-image-77\" alt=\"\" srcset=\"https:\/\/www.privilegio.us\/wp-content\/uploads\/2024\/08\/agency-img9.jpg 540w, https:\/\/www.privilegio.us\/wp-content\/uploads\/2024\/08\/agency-img9-300x300.jpg 300w, https:\/\/www.privilegio.us\/wp-content\/uploads\/2024\/08\/agency-img9-100x100.jpg 100w, https:\/\/www.privilegio.us\/wp-content\/uploads\/2024\/08\/agency-img9-150x150.jpg 150w\" sizes=\"(max-width: 540px) 100vw, 540px\" \/>\t\t\t\t\t\t\t\t\t\t\t\t\t<\/div>\n\t\t\t\t<\/div>\n\t\t\t\t<div class=\"elementor-element elementor-element-1e3022f7 elementor-view-default elementor-position-top elementor-mobile-position-top elementor-widget elementor-widget-icon-box\" data-id=\"1e3022f7\" data-element_type=\"widget\" data-widget_type=\"icon-box.default\">\n\t\t\t\t<div class=\"elementor-widget-container\">\n\t\t\t<link rel=\"stylesheet\" href=\"https:\/\/www.privilegio.us\/wp-content\/plugins\/elementor\/assets\/css\/widget-icon-box.min.css\">\t\t<div class=\"elementor-icon-box-wrapper\">\n\n\t\t\t\t\t\t<div class=\"elementor-icon-box-icon\">\n\t\t\t\t<span  class=\"elementor-icon elementor-animation-\">\n\t\t\t\t<svg aria-hidden=\"true\" class=\"e-font-icon-svg e-fas-quote-left\" viewBox=\"0 0 512 512\" xmlns=\"http:\/\/www.w3.org\/2000\/svg\"><path d=\"M464 256h-80v-64c0-35.3 28.7-64 64-64h8c13.3 0 24-10.7 24-24V56c0-13.3-10.7-24-24-24h-8c-88.4 0-160 71.6-160 160v240c0 26.5 21.5 48 48 48h128c26.5 0 48-21.5 48-48V304c0-26.5-21.5-48-48-48zm-288 0H96v-64c0-35.3 28.7-64 64-64h8c13.3 0 24-10.7 24-24V56c0-13.3-10.7-24-24-24h-8C71.6 32 0 103.6 0 192v240c0 26.5 21.5 48 48 48h128c26.5 0 48-21.5 48-48V304c0-26.5-21.5-48-48-48z\"><\/path><\/svg>\t\t\t\t<\/span>\n\t\t\t<\/div>\n\t\t\t\n\t\t\t\t\t\t<div class=\"elementor-icon-box-content\">\n\n\t\t\t\t\n\t\t\t\t\t\t\t\t\t<p class=\"elementor-icon-box-description\">\n\t\t\t\t\t\t\"PRIVILEGIO US LATAM Inc., desempe\u00f1a un papel importante al crear un entorno propicio para el comercio.\"\t\t\t\t\t<\/p>\n\t\t\t\t\n\t\t\t<\/div>\n\t\t\t\n\t\t<\/div>\n\t\t\t\t<\/div>\n\t\t\t\t<\/div>\n\t\t\t\t\t<\/div>\n\t\t<\/div>\n\t\t\t\t<div class=\"elementor-column elementor-col-50 elementor-top-column elementor-element elementor-element-2f59dbd6\" data-id=\"2f59dbd6\" data-element_type=\"column\">\n\t\t\t<div class=\"elementor-widget-wrap elementor-element-populated\">\n\t\t\t\t\t\t<section class=\"elementor-section elementor-inner-section elementor-element elementor-element-40223794 elementor-section-boxed elementor-section-height-default elementor-section-height-default\" data-id=\"40223794\" data-element_type=\"section\">\n\t\t\t\t\t\t<div class=\"elementor-container elementor-column-gap-no\">\n\t\t\t\t\t<div class=\"elementor-column elementor-col-100 elementor-inner-column elementor-element elementor-element-15dd1c3c\" data-id=\"15dd1c3c\" data-element_type=\"column\">\n\t\t\t<div class=\"elementor-widget-wrap elementor-element-populated\">\n\t\t\t\t\t\t<div class=\"elementor-element elementor-element-36868090 elementor-widget elementor-widget-heading\" data-id=\"36868090\" data-element_type=\"widget\" data-widget_type=\"heading.default\">\n\t\t\t\t<div class=\"elementor-widget-container\">\n\t\t\t<h3 class=\"elementor-heading-title elementor-size-default\">Tipos de Productos<\/h3>\t\t<\/div>\n\t\t\t\t<\/div>\n\t\t\t\t\t<\/div>\n\t\t<\/div>\n\t\t\t\t\t<\/div>\n\t\t<\/section>\n\t\t\t\t<div class=\"elementor-element elementor-element-5301272e elementor-widget elementor-widget-text-editor\" data-id=\"5301272e\" data-element_type=\"widget\" data-widget_type=\"text-editor.default\">\n\t\t\t\t<div class=\"elementor-widget-container\">\n\t\t\t<style>\/*! elementor - v3.23.0 - 25-07-2024 *\/\n.elementor-widget-text-editor.elementor-drop-cap-view-stacked .elementor-drop-cap{background-color:#69727d;color:#fff}.elementor-widget-text-editor.elementor-drop-cap-view-framed .elementor-drop-cap{color:#69727d;border:3px solid;background-color:transparent}.elementor-widget-text-editor:not(.elementor-drop-cap-view-default) .elementor-drop-cap{margin-top:8px}.elementor-widget-text-editor:not(.elementor-drop-cap-view-default) .elementor-drop-cap-letter{width:1em;height:1em}.elementor-widget-text-editor .elementor-drop-cap{float:left;text-align:center;line-height:1;font-size:50px}.elementor-widget-text-editor .elementor-drop-cap-letter{display:inline-block}<\/style>\t\t\t\t<p>PRIVILEGIO US LATAM Inc., desempe\u00f1a un papel importante al crear un entorno propicio para el comercio., aumentando la competitividad y mejorando las exportaciones a trav\u00e9s de iniciativas de desarrollo de capacidades, programas de desarrollo de habilidades y esfuerzos de diversificaci\u00f3n de mercados. aprovechando las tecnolog\u00edas emergentes.<\/p>\t\t\t\t\t\t<\/div>\n\t\t\t\t<\/div>\n\t\t\t\t<div class=\"elementor-element elementor-element-29812909 elementor-widget elementor-widget-heading\" data-id=\"29812909\" data-element_type=\"widget\" data-widget_type=\"heading.default\">\n\t\t\t\t<div class=\"elementor-widget-container\">\n\t\t\t<h5 class=\"elementor-heading-title elementor-size-default\">Aliados:<\/h5>\t\t<\/div>\n\t\t\t\t<\/div>\n\t\t\t\t<div class=\"elementor-element elementor-element-4ede0415 elementor-vertical-align-top elementor-widget elementor-widget-icon-box\" data-id=\"4ede0415\" data-element_type=\"widget\" data-widget_type=\"icon-box.default\">\n\t\t\t\t<div class=\"elementor-widget-container\">\n\t\t\t\t\t<div class=\"elementor-icon-box-wrapper\">\n\n\t\t\t\n\t\t\t\t\t\t<div class=\"elementor-icon-box-content\">\n\n\t\t\t\t\t\t\t\t\t<h6 class=\"elementor-icon-box-title\">\n\t\t\t\t\t\t<span  >\n\t\t\t\t\t\t\tECUACHAMBER - CAMARA DE NEGOCIOS DEL PERU - FEBICHAM - INTERNATIONAL  FINANCIAL BANK - GESTORIA INTERNACIONAL IAMI\t\t\t\t\t\t<\/span>\n\t\t\t\t\t<\/h6>\n\t\t\t\t\n\t\t\t\t\n\t\t\t<\/div>\n\t\t\t\n\t\t<\/div>\n\t\t\t\t<\/div>\n\t\t\t\t<\/div>\n\t\t\t\t<div class=\"elementor-element elementor-element-37f4608 elementor-widget elementor-widget-text-editor\" data-id=\"37f4608\" data-element_type=\"widget\" data-widget_type=\"text-editor.default\">\n\t\t\t\t<div class=\"elementor-widget-container\">\n\t\t\t\t\t\t\t<p>Organizamos numerosas sesiones de formaci\u00f3n, talleres y ferias comerciales para mejorar el conocimiento y las habilidades de nuestros miembros, permiti\u00e9ndoles explorar nuevos mercados y aprovechar las oportunidades emergentes. Adem\u00e1s, nuestro incesante enfoque en la investigaci\u00f3n y el mercadeo, e identificar \u00e1reas potenciales de crecimiento.<br \/>De cara al futuro, PUSLATAM sigue dedicado a fomentar un ecosistema propicio para el <br \/>crecimiento de, las partes interesadas de la industria y los socios internacionales para agilizar los procesos comerciales, abordar las barreras comerciales y explorar nuevas v\u00edas de acceso a los mercados. <br \/>PRIVILEGIO US organizara delegaciones empresariales de sus miembros para visitar offshore.<\/p><p>Servicios internacionales entre Latinoam\u00e9rica y USA<\/p>\t\t\t\t\t\t<\/div>\n\t\t\t\t<\/div>\n\t\t\t\t\t<\/div>\n\t\t<\/div>\n\t\t\t\t\t<\/div>\n\t\t<\/section>\n\t\t\t\t<section class=\"elementor-section elementor-top-section elementor-element elementor-element-189eda7d elementor-section-boxed elementor-section-height-default elementor-section-height-default\" data-id=\"189eda7d\" data-element_type=\"section\">\n\t\t\t\t\t\t\t<div class=\"elementor-background-overlay\"><\/div>\n\t\t\t\t\t\t\t<div class=\"elementor-container elementor-column-gap-no\">\n\t\t\t\t\t<div class=\"elementor-column elementor-col-100 elementor-top-column elementor-element elementor-element-d919af1\" data-id=\"d919af1\" data-element_type=\"column\">\n\t\t\t<div class=\"elementor-widget-wrap elementor-element-populated\">\n\t\t\t\t\t\t<div class=\"elementor-element elementor-element-4b5a8c18 elementor-widget elementor-widget-text-editor\" data-id=\"4b5a8c18\" data-element_type=\"widget\" data-widget_type=\"text-editor.default\">\n\t\t\t\t<div class=\"elementor-widget-container\">\n\t\t\t\t\t\t\t<p>La delegaci\u00f3n representara diversos sectores como prendas de vestir, gemas y joyer\u00eda, textiles de algod\u00f3n, y otros servicios ayudando a los productos ecuatorianos a cumplir con los est\u00e1ndares globales. incluida la necesidad de identificaci\u00f3n del C\u00f3digo HS para los principales mercados para identificar la demanda de productos, un enfoque especial en las exportaciones de servicios: como viajes y hoteler\u00eda, exportaciones, designadas como \u201cServicios Esenciales\u201d con prioridad, importaciones y brindar apoyo de marketing.<br \/>Adem\u00e1s, PRIVILEGIIO organizara los Premios Regionales a la Excelencia en Exportaciones en\u00a0un mercado de comercio electr\u00f3nico destinado a brindar visibilidad global a los exportadores\u00a0nacionales.<\/p>\t\t\t\t\t\t<\/div>\n\t\t\t\t<\/div>\n\t\t\t\t<section class=\"elementor-section elementor-inner-section elementor-element elementor-element-5d0ad89 elementor-section-boxed elementor-section-height-default elementor-section-height-default\" data-id=\"5d0ad89\" data-element_type=\"section\">\n\t\t\t\t\t\t<div class=\"elementor-container elementor-column-gap-no\">\n\t\t\t\t\t<div class=\"elementor-column elementor-col-50 elementor-inner-column elementor-element elementor-element-7cc87145\" data-id=\"7cc87145\" data-element_type=\"column\">\n\t\t\t<div class=\"elementor-widget-wrap elementor-element-populated\">\n\t\t\t\t\t\t<div class=\"elementor-element elementor-element-c206b38 elementor-widget elementor-widget-text-editor\" data-id=\"c206b38\" data-element_type=\"widget\" data-widget_type=\"text-editor.default\">\n\t\t\t\t<div class=\"elementor-widget-container\">\n\t\t\t\t\t\t\t<p><strong>MEMBRESIAS LOCALES<\/strong><br \/>-PARA LLEVAR SUS PRODUCTOS A EE.UU Y OTROS MERCADOS<br \/>-DISE\u00d1AR SUS IDEAS PARA \u201cVESTIR\u201d SU PRODUCTO DE EXPORTACION Y HACERLO VENDEDOR.<br \/>-PREPARAR LAS \u201cVITRINAS\u201d PARA EXPONER SUS PRODUCTOS EN LAS REDES SOCIALES.<br \/>-RECOMENDACIONES BASICAS DE MARKETING PARA PROMOCIONAR SU PRODUCTO.<br \/>&#8211; PRESENTACION DE SU PRODUCTO EN NUESTRAS REDES SOCIALES Y TV EN LINEA.<br \/>&#8211; Invitado especial al baile de gala anual Privilegio (Guayaquil) <br \/>&#8211; Invitado especial Cena Privilegio de Aniversario (Guayaquil) <br \/>&#8211; Invitado especial a Conferencias. Seminarios. Talleres de Privilegio<\/p><p><strong>EVENTOS<\/strong><br \/>Adem\u00e1s, PRIVILEGIIO organizara los Premios Regionales a la Excelencia en Exportaciones en un mercado de comercio electr\u00f3nico destinado a brindar visibilidad global a los exportadores nacionales<br \/>-PARTICIPACION EN FERIAS NACIONALES<br \/>-PARTICIPACION EN FERIAS INTERNACIONALES<\/p>\t\t\t\t\t\t<\/div>\n\t\t\t\t<\/div>\n\t\t\t\t\t<\/div>\n\t\t<\/div>\n\t\t\t\t<div class=\"elementor-column elementor-col-50 elementor-inner-column elementor-element elementor-element-7a684e81\" data-id=\"7a684e81\" data-element_type=\"column\" data-settings=\"{&quot;background_background&quot;:&quot;classic&quot;}\">\n\t\t\t<div class=\"elementor-widget-wrap elementor-element-populated\">\n\t\t\t\t\t\t<div class=\"elementor-element elementor-element-95e72e2 elementor-widget elementor-widget-text-editor\" data-id=\"95e72e2\" data-element_type=\"widget\" data-widget_type=\"text-editor.default\">\n\t\t\t\t<div class=\"elementor-widget-container\">\n\t\t\t\t\t\t\t<p><strong>MEMBRESIA INTERNACIONAL<\/strong><br \/>-PRESENTACION DE SU EMPRESA Y PRODUCTOS EN MIAMI A POSIBLES COMPRADORES.<br \/>-PRESENTACION DE SU EMPRESA Y PRODUCTOS EN NEW YORK.<br \/>-INVITACION A RUEDA DE NEGOCIO PARA FIRMAR CONTRATO DE COMPRA Y VENTA INTERNACIONAL DE PRIMERA EXPORTACION.<br \/>-Asesorias para Colocaci\u00f3n de Empresas y Productos en USA y LATAM.<br \/>-Asesor\u00eda paraExportaci\u00f3n e importaci\u00f3n internacional <br \/>-Exportacion r\u00e1pida de Bienes de consumo perecible.<br \/>-Asesoria Log\u00edstica, Distribuci\u00f3n y Almacenamiento <br \/>-Asesoria Apertura de Cuentas de Banco en USA <br \/>-Asesoria de Gestion de Documentacion en USA <br \/>Asesoramiento en compras de propiedades en USA.<br \/>Los costos de membres\u00eda pueden variar seg\u00fan el nivel de beneficios que elijas. Actualmente, estamos ofreciendo diferentes opciones de membres\u00eda para adaptarnos a las necesidades y presupuestos de nuestros miembros. Ponte en contacto con nosotros para obtener informaci\u00f3n detallada sobre los precios de las membres\u00edas actuales.<br \/>Valoramos la satisfacci\u00f3n de nuestros miembros y ofrecemos una garant\u00eda de satisfacci\u00f3n del 100%. Si no est\u00e1s satisfecho con tu membres\u00eda, puedes cancelar en cualquier momento sin compromiso.<\/p>\t\t\t\t\t\t<\/div>\n\t\t\t\t<\/div>\n\t\t\t\t\t<\/div>\n\t\t<\/div>\n\t\t\t\t\t<\/div>\n\t\t<\/section>\n\t\t\t\t\t<\/div>\n\t\t<\/div>\n\t\t\t\t\t<\/div>\n\t\t<\/section>\n\t\t\t\t<\/div>\n\t\t","protected":false},"excerpt":{"rendered":"<p>Productos &#8220;PRIVILEGIO US LATAM Inc., desempe\u00f1a un papel importante al crear un entorno propicio para el comercio.&#8221; Tipos de Productos PRIVILEGIO US LATAM Inc., desempe\u00f1a un papel importante al crear un entorno propicio para el comercio., aumentando la competitividad y mejorando las exportaciones a trav\u00e9s de iniciativas de desarrollo de capacidades, programas de desarrollo de [&hellip;]<\/p>\n","protected":false},"author":6,"featured_media":0,"parent":0,"menu_order":0,"comment_status":"closed","ping_status":"closed","template":"","meta":{"footnotes":""},"class_list":["post-261","page","type-page","status-publish","hentry"],"_links":{"self":[{"href":"https:\/\/www.privilegio.us\/index.php\/wp-json\/wp\/v2\/pages\/261","targetHints":{"allow":["GET"]}}],"collection":[{"href":"https:\/\/www.privilegio.us\/index.php\/wp-json\/wp\/v2\/pages"}],"about":[{"href":"https:\/\/www.privilegio.us\/index.php\/wp-json\/wp\/v2\/types\/page"}],"author":[{"embeddable":true,"href":"https:\/\/www.privilegio.us\/index.php\/wp-json\/wp\/v2\/users\/6"}],"replies":[{"embeddable":true,"href":"https:\/\/www.privilegio.us\/index.php\/wp-json\/wp\/v2\/comments?post=261"}],"version-history":[{"count":8,"href":"https:\/\/www.privilegio.us\/index.php\/wp-json\/wp\/v2\/pages\/261\/revisions"}],"predecessor-version":[{"id":429,"href":"https:\/\/www.privilegio.us\/index.php\/wp-json\/wp\/v2\/pages\/261\/revisions\/429"}],"wp:attachment":[{"href":"https:\/\/www.privilegio.us\/index.php\/wp-json\/wp\/v2\/media?parent=261"}],"curies":[{"name":"wp","href":"https:\/\/api.w.org\/{rel}","templated":true}]}}